{"id":2,"date":"2016-05-10T03:48:21","date_gmt":"2016-05-10T03:48:21","guid":{"rendered":"http:\/\/theobald-media.de\/?page_id=2"},"modified":"2023-02-17T12:48:45","modified_gmt":"2023-02-17T11:48:45","slug":"sample-page","status":"publish","type":"page","link":"https:\/\/theobald-media.de\/","title":{"rendered":"Alles geht weiter"},"content":{"rendered":"<p><img loading=\"lazy\" decoding=\"async\" class=\"alignleft  wp-image-189\" src=\"https:\/\/theobald-media.de\/wp-content\/uploads\/2023\/02\/IMG_3410-150x150.jpg\" alt=\"\" width=\"250\" height=\"250\" srcset=\"https:\/\/theobald-media.de\/wp-content\/uploads\/2023\/02\/IMG_3410-150x150.jpg 150w, https:\/\/theobald-media.de\/wp-content\/uploads\/2023\/02\/IMG_3410-240x240.jpg 240w, https:\/\/theobald-media.de\/wp-content\/uploads\/2023\/02\/IMG_3410-100x100.jpg 100w\" sizes=\"auto, (max-width: 250px) 100vw, 250px\" \/>Als Medienberater, Fotograf, Filmemacher und politischer Mensch bin ich 2016 von Heidelberg nach Schwetzingen gezogen.<\/p>\n<p>&#8222;Mittendrin statt nur dabei&#8220; war einmal eine Idee von mir, f\u00fcr eine TV-Sendung.\u00a0 Jetzt haben wir ernst gemacht und sind in die Fu\u00dfg\u00e4ngerzone einer sch\u00f6nen Stadt, inmitten der Kurpfalz gezogen. Mittendrin, ruhig und immer was los. Sch\u00f6ne Restaurants, nette Gesch\u00e4fte und ein paar Meter bis zum Schlossgarten. Die Visionen des Kurf\u00fcrsten Carl Theodor von der Pfalz lie\u00dfen in Schwetzingen im 18. Jahrhundert einen wundersch\u00f6nen Garten entstehen. Heute z\u00e4hlt die vollkommene Verbindung aus geometrischem und landschaftlichem Stil zu den Meisterwerken europ\u00e4ischer Gartenkunst.<\/p>\n<p>\u201eWenn der Kurf\u00fcrst in Schwetzingen war und ihm sein vortreffliches Orchester dahin folgte, w\u00e4hnte sich die Hofgesellschaft in eine Zauberinsel versetzt, wo alles klang und sang. Aus dem Badehause ert\u00f6nte abends die woll\u00fcstige Musik, ja aus allen Winkeln und H\u00fctten des kleinen Dorfs h\u00f6rt man die magischen T\u00f6ne seiner Virtuosen\u201c (Christian Friedrich Daniel Schubart).<\/p>\n<p>Diese S\u00e4tze spiegeln das Goldene Zeitalter des kunstsinnigen Kurf\u00fcrsten Carl Theodor wider. Musik und Kultur sollten im modernen Schwetzingen auch Rolle spielen. Aber bei Kultur und Kunst tun sich die Damen und Herren im Rathaus schwer.<\/p>\n<p>NT<\/p>\n","protected":false},"excerpt":{"rendered":"<p>Als Medienberater, Fotograf, Filmemacher und politischer Mensch bin ich 2016 von Heidelberg nach Schwetzingen gezogen. &#8222;Mittendrin statt nur dabei&#8220; war einmal eine Idee von mir, f\u00fcr eine TV-Sendung.\u00a0 Jetzt haben wir ernst gemacht und sind in die Fu\u00dfg\u00e4ngerzone einer sch\u00f6nen Stadt, inmitten der Kurpfalz gezogen. Mittendrin, ruhig und immer was los. Sch\u00f6ne Restaurants, nette Gesch\u00e4fte &hellip; <\/p>\n<p class=\"link-more\"><a href=\"https:\/\/theobald-media.de\/\" class=\"more-link\"><span class=\"screen-reader-text\">\u201eAlles geht weiter\u201c<\/span> weiterlesen<\/a><\/p>\n","protected":false},"author":1,"featured_media":0,"parent":0,"menu_order":0,"comment_status":"closed","ping_status":"open","template":"","meta":{"footnotes":""},"class_list":["post-2","page","type-page","status-publish","hentry"],"_links":{"self":[{"href":"https:\/\/theobald-media.de\/index.php?rest_route=\/wp\/v2\/pages\/2","targetHints":{"allow":["GET"]}}],"collection":[{"href":"https:\/\/theobald-media.de\/index.php?rest_route=\/wp\/v2\/pages"}],"about":[{"href":"https:\/\/theobald-media.de\/index.php?rest_route=\/wp\/v2\/types\/page"}],"author":[{"embeddable":true,"href":"https:\/\/theobald-media.de\/index.php?rest_route=\/wp\/v2\/users\/1"}],"replies":[{"embeddable":true,"href":"https:\/\/theobald-media.de\/index.php?rest_route=%2Fwp%2Fv2%2Fcomments&post=2"}],"version-history":[{"count":13,"href":"https:\/\/theobald-media.de\/index.php?rest_route=\/wp\/v2\/pages\/2\/revisions"}],"predecessor-version":[{"id":190,"href":"https:\/\/theobald-media.de\/index.php?rest_route=\/wp\/v2\/pages\/2\/revisions\/190"}],"wp:attachment":[{"href":"https:\/\/theobald-media.de\/index.php?rest_route=%2Fwp%2Fv2%2Fmedia&parent=2"}],"curies":[{"name":"wp","href":"https:\/\/api.w.org\/{rel}","templated":true}]}}